{"id":188,"date":"2023-07-02T09:16:18","date_gmt":"2023-07-02T07:16:18","guid":{"rendered":"http:\/\/www.acqs-hypnose.fr\/?page_id=188"},"modified":"2023-07-02T12:07:48","modified_gmt":"2023-07-02T10:07:48","slug":"hypnose-regressive","status":"publish","type":"page","link":"http:\/\/www.acqs-hypnose.fr\/index.php\/hypnose-regressive\/","title":{"rendered":"Hypnose Tanspersonnelle\u00ae"},"content":{"rendered":"\n<p>L\u2019hypnose Transpersonnelle <strong>\u00ae <\/strong>ou \u00e9galement appel\u00e9e hypnose r\u00e9gressive ou spirituelle est diff\u00e9rente de l\u2019hypnose ericksonienne.<\/p>\n\n\n\n<p>La transe est plus profonde et le voyage est diff\u00e9rent.<\/p>\n\n\n\n<p>Je me suis form\u00e9e \u00e0 L\u2019hypnose Transpersonnelle \u00ae avec S\u00e9verine Barbier, praticienne et formatrice.<\/p>\n\n\n\n<p class=\"has-text-align-left\">Aujourd\u2019hui, cet outil extraordinaire me passionne et je propose des s\u00e9ances d\u2019hypnose r\u00e9gressive \u00e0 mon cabinet de L\u00e9on, v\u00e9ritable havre de paix. <\/p>\n\n\n\n<p>L\u2019hypnose Transpersonnelle <strong>\u00ae <\/strong>r\u00e9pond tellement bien aux questionnements que l\u2019on peut avoir dans sa vie\u00a0: les blocages, le sens de sa vie, les maladies, les traumatismes, la dimension spirituelle de notre vie, l\u2019attachement, la d\u00e9pendance&#8230;<\/p>\n\n\n\n<p style=\"font-size:30px\"><strong>D\u00c9ROULEMENT :<\/strong><\/p>\n\n\n\n<p><strong>En amont de la s\u00e9ance :<\/strong><\/p>\n\n\n\n<p>Vous recevez un audio de pr\u00e9paration avant la s\u00e9ance, de fa\u00e7on \u00e0 apprendre \u00e0 se relaxer au son de ma voix. Cet audio est \u00e0 \u00e9couter au moins 5 \u00e0 6 fois.<\/p>\n\n\n\n<p style=\"font-size:19px\"><strong>Le jour de la s\u00e9ance&nbsp;\u00e0 L\u00e9on :<\/strong><\/p>\n\n\n\n<h2 style=\"font-size:25px\">Phase 1 :<\/h2>\n\n\n\n<p>Nous avons un entretien, un \u00e9change au cours duquel j\u2019apprends \u00e0 vous conna\u00eetre. <br>On peut partir d\u2019une probl\u00e9matique de d\u00e9part, situer des liens avec certaines personnes, mettre en exergue un probl\u00e8me de sant\u00e9\u2026<\/p>\n\n\n\n<p>C\u2019est un moment privil\u00e9gi\u00e9 qui peut durer une heure.<\/p>\n\n\n\n<h2 style=\"font-size:25px\">Phase 2 :<\/h2>\n\n\n\n<p>C\u2019est la phase de travail qui commence par une mise en \u00e9tat hypnotique, confortablement install\u00e9 dans la banquette de mon cabinet \u00e0 la lumi\u00e8re tamis\u00e9e. <br>J\u2019induis un \u00e9tat modifi\u00e9 de conscience plus profond que pour une s\u00e9ance d\u2019hypnoth\u00e9rapie classique (type ericksonienne).<br>L\u2019exploration des vies ant\u00e9rieures que vous avez besoin de conna\u00eetre peut alors commencer.<br>Et nous n\u2019explorons que les vies que vous avez besoin d\u2019explorer pour mieux comprendre les probl\u00e9matiques de votre vie actuelle.<br><br>Puis, il y a un \u00e9change avec votre Conscience Sup\u00e9rieure (cela peut \u00eatre un guide, un maitre spirituel, un d\u00e9funt\u2026).<br>Au cours de cette phase, je poserai vos questions. C\u2019est un v\u00e9ritable \u00e9change entre vous et votre Conscience Sup\u00e9rieure.  Et c\u2019est l\u00e0, que vous comprenez pourquoi cette vie l\u00e0 a \u00e9t\u00e9 explor\u00e9e, et l\u2019enseignement que vous pouvez en recevoir.<br>Et, si cette partie de vous-m\u00eame la plus \u00e9volu\u00e9e vous sent pr\u00eat \u00e0 int\u00e9grer les informations dont Elle dispose, Elle peut donner des r\u00e9ponses \u00e0 toutes vos questions. Elle peut \u00e9galement effectuer des soins.<\/p>\n\n\n\n<p>Oui, parce que la Conscience Sup\u00e9rieure, Elle repr\u00e9sente tout ce qui nous entoure, au del\u00e0 de notre monde mat\u00e9riel.<\/p>\n\n\n\n<p>C\u2019est un v\u00e9ritable dialogue avec Elle qui s\u2019instaure pendant la s\u00e9ance et qui permet des prises de conscience bien plus efficaces que des injonctions.<\/p>\n\n\n\n<h2 style=\"font-size:25px\">Phase 3 :<\/h2>\n\n\n\n<p>Phase de d\u00e9briefing, un simple \u00e9change entre nous.<\/p>\n\n\n\n<h2 style=\"font-size:25px\">Phase 4 :<\/h2>\n\n\n\n<p><strong>Cadeau&nbsp;<\/strong><br>La partie hypnose est enregistr\u00e9e et vous sera envoy\u00e9e par email apr\u00e8s la s\u00e9ance.<br>Pour int\u00e9grer totalement les conseils et les soins prodigu\u00e9s au cours de celle-ci, je vous invite \u00e0 l\u2019\u00e9couter plusieurs fois dans la semaine qui suit.<\/p>\n\n\n\n<h2 style=\"font-size:25px\"><strong>POUR QUI&nbsp;\/ POUR QUOI&nbsp;?<\/strong><\/h2>\n\n\n\n<p>La s\u00e9ance d\u2019hypnose Transpersonnelle <strong>\u00ae<\/strong> est un cheminement personnel. On y vient rarement par curiosit\u00e9\u2026 mais, pourquoi pas ! Est ce vraiment un hasard&nbsp;? &nbsp;<br>Ce qui est certain, c\u2019est que parfois, bien que l\u2019on ait fait un travail sur soi, on reste avec des blocages persistants, et c&rsquo;est l\u00e0, tout l\u2019int\u00e9r\u00eat d\u2019une s\u00e9ance d\u2019hypnose r\u00e9gressive.<br><\/p>\n\n\n\n<figure class=\"wp-block-table is-style-stripes\"><table><tbody><tr><td class=\"has-text-align-center\" data-align=\"center\"><span class=\"has-inline-color has-luminous-vivid-orange-color\"><strong>Comprendre ses blocages<\/strong><\/span><\/td><td>&nbsp;<\/td><td class=\"has-text-align-center\" data-align=\"center\"><span class=\"has-inline-color has-vivid-purple-color\"><strong>Avoir des r\u00e9ponses au sens de sa vie<\/strong><\/span><\/td><td>&nbsp;<\/td><td class=\"has-text-align-center\" data-align=\"center\"><span class=\"has-inline-color has-vivid-green-cyan-color\"><strong>Valider son chemin de vie<\/strong><\/span><\/td><\/tr><tr><td class=\"has-text-align-center\" data-align=\"center\">&nbsp;<\/td><td><img loading=\"lazy\" width=\"50\" height=\"42\" class=\"wp-image-205\" style=\"width: 28px;\" src=\"http:\/\/www.acqs-hypnose.fr\/wp-content\/uploads\/2023\/07\/Nord-Ouest.jpg\" alt=\"\"><\/td><td class=\"has-text-align-center\" data-align=\"center\">&nbsp; <img loading=\"lazy\" width=\"38\" height=\"27\" class=\"wp-image-207\" style=\"width: 20px;\" src=\"http:\/\/www.acqs-hypnose.fr\/wp-content\/uploads\/2023\/07\/Nord.jpg\" alt=\"\"><\/td><td><img loading=\"lazy\" width=\"26\" height=\"27\" class=\"wp-image-208\" style=\"width: 28px;\" src=\"http:\/\/www.acqs-hypnose.fr\/wp-content\/uploads\/2023\/07\/Nord-Est.jpg\" alt=\"\"><\/td><td class=\"has-text-align-center\" data-align=\"center\">&nbsp;<\/td><\/tr><tr><td class=\"has-text-align-center\" data-align=\"center\">&nbsp;<\/td><td>&nbsp;<\/td><td class=\"has-text-align-center\" data-align=\"center\"><strong><span class=\"has-inline-color has-vivid-cyan-blue-color\">HYPNOSE TRANSPERSONNELLE<\/span>\u00ae<\/strong><\/td><td>&nbsp;<\/td><td class=\"has-text-align-center\" data-align=\"center\">&nbsp;<\/td><\/tr><tr><td class=\"has-text-align-center\" data-align=\"center\">&nbsp;<\/td><td><img loading=\"lazy\" width=\"20\" height=\"22\" class=\"wp-image-209\" style=\"width: 15px;\" src=\"http:\/\/www.acqs-hypnose.fr\/wp-content\/uploads\/2023\/07\/Sud-Ouest.jpg\" alt=\"\"> <\/td><td class=\"has-text-align-center\" data-align=\"center\">&nbsp;<img loading=\"lazy\" width=\"25\" height=\"27\" class=\"wp-image-210\" style=\"width: 15px;\" src=\"http:\/\/www.acqs-hypnose.fr\/wp-content\/uploads\/2023\/07\/Sud.jpg\" alt=\"\"> <\/td><td><img loading=\"lazy\" width=\"28\" height=\"25\" class=\"wp-image-212\" style=\"width: 28px;\" src=\"http:\/\/www.acqs-hypnose.fr\/wp-content\/uploads\/2023\/07\/Sud-Est.jpg\" alt=\"\"><\/td><td class=\"has-text-align-center\" data-align=\"center\">&nbsp;<\/td><\/tr><tr><td class=\"has-text-align-center\" data-align=\"center\"><span class=\"has-inline-color has-luminous-vivid-orange-color\"><strong>Comprendre ses maladies, ses traumatismes<\/strong><\/span><\/td><td>&nbsp;<\/td><td class=\"has-text-align-center\" data-align=\"center\"><span class=\"has-inline-color has-vivid-purple-color\"><strong>Soins du corps et de l\u2019\u00e2me<\/strong><\/span><\/td><td>&nbsp;<\/td><td class=\"has-text-align-center\" data-align=\"center\"><span class=\"has-inline-color has-vivid-green-cyan-color\"><strong>R\u00e9pondre \u00e0 un questionnement spirituel<\/strong><\/span><\/td><\/tr><\/tbody><\/table><\/figure>\n\n\n\n<p><br>Tarif s\u00e9ance&nbsp;: 180 \u20ac.<\/p>\n\n\n\n<p>Les s\u00e9ances se d\u00e9roulent du lundi au vendredi, et selon les disponibilit\u00e9s.<\/p>\n","protected":false},"excerpt":{"rendered":"<p>L\u2019hypnose Transpersonnelle \u00ae ou \u00e9galement appel\u00e9e hypnose r\u00e9gressive ou spirituelle est diff\u00e9rente de l\u2019hypnose ericksonienne. La transe est plus profonde et le voyage est diff\u00e9rent. Je me suis form\u00e9e \u00e0 L\u2019hypnose Transpersonnelle \u00ae avec S\u00e9verine Barbier, praticienne et formatrice. Aujourd\u2019hui, cet outil extraordinaire me passionne et je propose des s\u00e9ances d\u2019hypnose r\u00e9gressive \u00e0 mon cabinet &hellip; <a href=\"http:\/\/www.acqs-hypnose.fr\/index.php\/hypnose-regressive\/\" class=\"more-link\">Continue reading <span class=\"screen-reader-text\">Hypnose Tanspersonnelle\u00ae<\/span> <span class=\"meta-nav\">&rarr;<\/span><\/a><\/p>\n","protected":false},"author":1,"featured_media":0,"parent":0,"menu_order":0,"comment_status":"closed","ping_status":"closed","template":"","meta":[],"_links":{"self":[{"href":"http:\/\/www.acqs-hypnose.fr\/index.php\/wp-json\/wp\/v2\/pages\/188"}],"collection":[{"href":"http:\/\/www.acqs-hypnose.fr\/index.php\/wp-json\/wp\/v2\/pages"}],"about":[{"href":"http:\/\/www.acqs-hypnose.fr\/index.php\/wp-json\/wp\/v2\/types\/page"}],"author":[{"embeddable":true,"href":"http:\/\/www.acqs-hypnose.fr\/index.php\/wp-json\/wp\/v2\/users\/1"}],"replies":[{"embeddable":true,"href":"http:\/\/www.acqs-hypnose.fr\/index.php\/wp-json\/wp\/v2\/comments?post=188"}],"version-history":[{"count":33,"href":"http:\/\/www.acqs-hypnose.fr\/index.php\/wp-json\/wp\/v2\/pages\/188\/revisions"}],"predecessor-version":[{"id":249,"href":"http:\/\/www.acqs-hypnose.fr\/index.php\/wp-json\/wp\/v2\/pages\/188\/revisions\/249"}],"wp:attachment":[{"href":"http:\/\/www.acqs-hypnose.fr\/index.php\/wp-json\/wp\/v2\/media?parent=188"}],"curies":[{"name":"wp","href":"https:\/\/api.w.org\/{rel}","templated":true}]}}