{"id":71,"date":"2017-01-10T22:33:18","date_gmt":"2017-01-10T21:33:18","guid":{"rendered":"http:\/\/www.acqs-hypnose.fr\/?page_id=71"},"modified":"2023-07-02T12:14:51","modified_gmt":"2023-07-02T10:14:51","slug":"a-propos-de-moi","status":"publish","type":"page","link":"http:\/\/www.acqs-hypnose.fr\/index.php\/a-propos-de-moi\/","title":{"rendered":"Me conna\u00eetre"},"content":{"rendered":"<p style=\"text-align: justify;\">Mon parcours est atypique.<\/p>\n<p style=\"text-align: justify;\">J\u2019ai travaill\u00e9 pendant 23 ans dans l\u2019industrie pharmaceutique. Puis j\u2019ai r\u00e9alis\u00e9 une reconversion professionnelle et pass\u00e9 le dipl\u00f4me d\u2019Infirmi\u00e8re. Au cours de mes \u00e9tudes, je me suis particuli\u00e8rement int\u00e9ress\u00e9e aux processus psychopathologiques.<\/p>\n<p style=\"text-align: justify;\">Et c\u2019est avec plaisir que je travaille aujourd\u2019hui comme infirmi\u00e8re en clinique psychiatrique. Je suis avant tout \u00ab soignante \u00bb.<\/p>\n<p style=\"text-align: justify;\">Faire en sorte que le patient se sente accompagn\u00e9 dans la bienveillance et l\u2019empathie est essentiel \u00e0 mes yeux.<\/p>\n<p style=\"text-align: justify;\">C\u2019est \u00e0 l\u2019h\u00f4pital que j\u2019ai d\u00e9couvert l\u2019utilisation de l\u2019hypnose pour la premi\u00e8re fois.<\/p>\n<p style=\"text-align: justify;\">J\u2019ai suivi une formation \u00e0 Bordeaux, au sein de l\u2019\u00e9cole de psychoth\u00e9rapie PSYNAPSE, afin d\u2019\u00eatre certifi\u00e9e Praticienne en hypnose ericksonienne. (reconnu par la F\u00e9d\u00e9ration Fran\u00e7aise d\u2019hypnose et Th\u00e9rapies Br\u00e8ves (FFHTB) et National Guild of Hypnotists (NGH).<\/p>\n<p style=\"text-align: justify;\">\u00catre infirmi\u00e8re ET praticienne en hypnose est une tr\u00e8s grande richesse. Et c\u2019est avec passion que j\u2019exerce ces deux m\u00e9tiers.<\/p>\n<p style=\"text-align: justify;\">Ma formation initiale ne cesse de s\u2019enrichir avec des outils compl\u00e9mentaires\u00a0:<\/p>\n<ul>\n<li>PNL, (programmation neurolinguistique),<\/li>\n<li>EFT (Emotional Freedom Techniques),<\/li>\n<li>sp\u00e9cialisation arr\u00eat du tabac,<\/li>\n<li>sp\u00e9cialisation perte de poids,<\/li>\n<li>r\u00e9duction virtuelle de l\u2019estomac.<\/li>\n<li>Hypnose Tanspersonnelle\u00ae<\/li>\n<\/ul>\n<p style=\"text-align: justify;\">Mes ma\u00eetres mots : Accompagner, Guider, Soulager, Partager.<\/p>\n","protected":false},"excerpt":{"rendered":"<p>Mon parcours est atypique. J\u2019ai travaill\u00e9 pendant 23 ans dans l\u2019industrie pharmaceutique. Puis j\u2019ai r\u00e9alis\u00e9 une reconversion professionnelle et pass\u00e9 le dipl\u00f4me d\u2019Infirmi\u00e8re. Au cours de mes \u00e9tudes, je me suis particuli\u00e8rement int\u00e9ress\u00e9e aux processus psychopathologiques. Et c\u2019est avec plaisir que je travaille aujourd\u2019hui comme infirmi\u00e8re en clinique psychiatrique. Je suis avant tout \u00ab soignante &hellip; <a href=\"http:\/\/www.acqs-hypnose.fr\/index.php\/a-propos-de-moi\/\" class=\"more-link\">Continue reading <span class=\"screen-reader-text\">Me conna\u00eetre<\/span> <span class=\"meta-nav\">&rarr;<\/span><\/a><\/p>\n","protected":false},"author":1,"featured_media":0,"parent":0,"menu_order":0,"comment_status":"closed","ping_status":"closed","template":"","meta":[],"_links":{"self":[{"href":"http:\/\/www.acqs-hypnose.fr\/index.php\/wp-json\/wp\/v2\/pages\/71"}],"collection":[{"href":"http:\/\/www.acqs-hypnose.fr\/index.php\/wp-json\/wp\/v2\/pages"}],"about":[{"href":"http:\/\/www.acqs-hypnose.fr\/index.php\/wp-json\/wp\/v2\/types\/page"}],"author":[{"embeddable":true,"href":"http:\/\/www.acqs-hypnose.fr\/index.php\/wp-json\/wp\/v2\/users\/1"}],"replies":[{"embeddable":true,"href":"http:\/\/www.acqs-hypnose.fr\/index.php\/wp-json\/wp\/v2\/comments?post=71"}],"version-history":[{"count":6,"href":"http:\/\/www.acqs-hypnose.fr\/index.php\/wp-json\/wp\/v2\/pages\/71\/revisions"}],"predecessor-version":[{"id":254,"href":"http:\/\/www.acqs-hypnose.fr\/index.php\/wp-json\/wp\/v2\/pages\/71\/revisions\/254"}],"wp:attachment":[{"href":"http:\/\/www.acqs-hypnose.fr\/index.php\/wp-json\/wp\/v2\/media?parent=71"}],"curies":[{"name":"wp","href":"https:\/\/api.w.org\/{rel}","templated":true}]}}