{"id":75,"date":"2017-01-10T22:38:45","date_gmt":"2017-01-10T21:38:45","guid":{"rendered":"http:\/\/www.acqs-hypnose.fr\/?page_id=75"},"modified":"2023-07-02T11:32:03","modified_gmt":"2023-07-02T09:32:03","slug":"hypnose-ericksonnienne","status":"publish","type":"page","link":"http:\/\/www.acqs-hypnose.fr\/index.php\/hypnose-ericksonnienne\/","title":{"rendered":"Hypnose Ericksonnienne"},"content":{"rendered":"<p style=\"text-align: justify;\">Milton ERICKSON en est le p\u00e8re fondateur.<\/p>\n<p style=\"text-align: justify;\">Ce psychiatre am\u00e9ricain a d\u00e9velopp\u00e9 l\u2019hypnose au cours de sa carri\u00e8re et en a fait un outil th\u00e9rapeutique reconnu et largement utilis\u00e9.<\/p>\n<p style=\"text-align: justify;\">L\u2019hypnose est une th\u00e9rapie br\u00e8ve, orient\u00e9e vers les solutions ; ainsi, il n\u2019est pas n\u00e9cessaire de remuer ou expliquer le pass\u00e9 pour am\u00e9liorer les choses.<\/p>\n<p style=\"text-align: justify;\">Particuli\u00e8rement respectueuse de la personne, l\u2019hypnose ericksonienne am\u00e8ne l\u2019individu vers sa propre r\u00e9alit\u00e9.<\/p>\n<p style=\"text-align: justify;\">D\u00e9roulement d\u2019une s\u00e9ance :<\/p>\n<h5 style=\"text-align: justify;\"><strong>Entretien :<\/strong><\/h5>\n<p style=\"text-align: justify;\">Chaque s\u00e9ance d\u00e9bute par un entretien au cours duquel nous faisons connaissance. Cette \u00ab Anamn\u00e8se \u00bb est un temps pr\u00e9cieux au cours duquel vous ne direz que ce que vous souhaitez communiquer. N\u2019oublions pas que l\u2019hypnose est une th\u00e9rapie br\u00e8ve : nul besoin de se raconter, ce n\u2019est pas une analyse de l\u2019histoire de vie.<\/p>\n<p style=\"text-align: justify;\">Op\u00e9rer un changement peut se faire rapidement, m\u00eame si le probl\u00e8me ou le comportement, sont ancr\u00e9s dans le sujet depuis de nombreuses ann\u00e9es.<\/p>\n<h5 style=\"text-align: justify;\"><strong>La s\u00e9ance :<\/strong><\/h5>\n<p style=\"text-align: justify;\">Elle comporte plusieurs phases, afin de conduire d\u00e9licatement le sujet vers un \u00e9tat de conscience modifi\u00e9 : l\u2019\u00e9tat hypnotique.<\/p>\n<h5 style=\"text-align: justify;\"><strong>\u00c9tat hypnotique :<\/strong><\/h5>\n<p style=\"text-align: justify;\">C\u2019est un \u00e9tat d\u2019hyper conscience, dans lequel les solutions apparaissent de fa\u00e7on \u00e9vidente. Chacun conna\u00eet d\u00e9j\u00e0 cet \u00e9tat hypnotique qui nous fait oublier l\u2019Ici et Maintenant : Quand nous pleurons devant un film \u00e9mouvant, \u2026quand plong\u00e9s dans la lecture d\u2019un livre nous oublions le temps qui passe, \u2026quand absorb\u00e9s par nos pens\u00e9es, nous conduisons par automatisme\u2026<\/p>\n<p style=\"text-align: justify;\">Pour faire simple : c\u2019est un \u00e9tat naturel !!<\/p>\n<h5 style=\"text-align: justify;\"><strong>Le th\u00e9rapeute :<\/strong><\/h5>\n<p style=\"text-align: justify;\">Le th\u00e9rapeute n\u2019est l\u00e0 que pour guider avec bienveillance le sujet qui poss\u00e8de en lui toutes les ressources n\u00e9cessaires au changement.<\/p>\n<p style=\"text-align: justify;\">Il accompagne le sujet de fa\u00e7on permissive et non autoritaire. Le langage hypnotique est riche de m\u00e9taphores, d\u2019analogies, de suggestions qui interpellent l\u2019inconscient agr\u00e9ablement.<\/p>\n<p style=\"text-align: justify;\">Le nombre de s\u00e9ances peut varier d\u2019un individu \u00e0 l\u2019autre, et selon les besoins du sujet. Rappelons que c\u2019est une th\u00e9rapie br\u00e8ve.<\/p>\n<p style=\"text-align: justify;\">APPLICATIONS TH\u00c9RAPEUTIQUES DE L\u2019HYPNOSE ADULTE ET ENFANT (liste non exhaustive qui ne se substitue pas \u00e0 un examen m\u00e9dical):<\/p>\n<ul style=\"text-align: justify;\">\n<li>TROUBLES PSYCHOLOGIQUES ET \u00c9MOTIONNELS<\/li>\n<\/ul>\n<p style=\"padding-left: 60px; text-align: justify;\">Gestion des \u00e9motions stress, angoisse, d\u00e9pression, confiance en soi, deuil, burn out, troubles alimentaires, perte de poids, troubles du sommeil,<\/p>\n<p style=\"padding-left: 60px; text-align: justify;\">Addictions et d\u00e9pendance, tabac, alcool, phobies, b\u00e9gaiement, \u00e9nur\u00e9sie\u2026<\/p>\n<ul style=\"text-align: justify;\">\n<li>TROUBLES CORPORELS<\/li>\n<\/ul>\n<p style=\"padding-left: 60px; text-align: justify;\">Douleur chronique, traumatisme physique, maladies de peau\u2026<\/p>\n<ul style=\"text-align: justify;\">\n<li>D\u00c9PASSEMENT DE SOI<\/li>\n<\/ul>\n<p style=\"padding-left: 60px; text-align: justify;\">Performance artistique ou sportive, cr\u00e9ativit\u00e9, pr\u00e9paration examen, concentration, m\u00e9moire\u2026<\/p>\n","protected":false},"excerpt":{"rendered":"<p>Milton ERICKSON en est le p\u00e8re fondateur. Ce psychiatre am\u00e9ricain a d\u00e9velopp\u00e9 l\u2019hypnose au cours de sa carri\u00e8re et en a fait un outil th\u00e9rapeutique reconnu et largement utilis\u00e9. L\u2019hypnose est une th\u00e9rapie br\u00e8ve, orient\u00e9e vers les solutions ; ainsi, il n\u2019est pas n\u00e9cessaire de remuer ou expliquer le pass\u00e9 pour am\u00e9liorer les choses. Particuli\u00e8rement &hellip; <a href=\"http:\/\/www.acqs-hypnose.fr\/index.php\/hypnose-ericksonnienne\/\" class=\"more-link\">Continue reading <span class=\"screen-reader-text\">Hypnose Ericksonnienne<\/span> <span class=\"meta-nav\">&rarr;<\/span><\/a><\/p>\n","protected":false},"author":1,"featured_media":0,"parent":0,"menu_order":0,"comment_status":"closed","ping_status":"closed","template":"","meta":[],"_links":{"self":[{"href":"http:\/\/www.acqs-hypnose.fr\/index.php\/wp-json\/wp\/v2\/pages\/75"}],"collection":[{"href":"http:\/\/www.acqs-hypnose.fr\/index.php\/wp-json\/wp\/v2\/pages"}],"about":[{"href":"http:\/\/www.acqs-hypnose.fr\/index.php\/wp-json\/wp\/v2\/types\/page"}],"author":[{"embeddable":true,"href":"http:\/\/www.acqs-hypnose.fr\/index.php\/wp-json\/wp\/v2\/users\/1"}],"replies":[{"embeddable":true,"href":"http:\/\/www.acqs-hypnose.fr\/index.php\/wp-json\/wp\/v2\/comments?post=75"}],"version-history":[{"count":4,"href":"http:\/\/www.acqs-hypnose.fr\/index.php\/wp-json\/wp\/v2\/pages\/75\/revisions"}],"predecessor-version":[{"id":184,"href":"http:\/\/www.acqs-hypnose.fr\/index.php\/wp-json\/wp\/v2\/pages\/75\/revisions\/184"}],"wp:attachment":[{"href":"http:\/\/www.acqs-hypnose.fr\/index.php\/wp-json\/wp\/v2\/media?parent=75"}],"curies":[{"name":"wp","href":"https:\/\/api.w.org\/{rel}","templated":true}]}}