{"id":90,"date":"2017-01-10T22:59:56","date_gmt":"2017-01-10T21:59:56","guid":{"rendered":"http:\/\/www.acqs-hypnose.fr\/?page_id=90"},"modified":"2023-07-02T11:43:09","modified_gmt":"2023-07-02T09:43:09","slug":"me-contacter","status":"publish","type":"page","link":"http:\/\/www.acqs-hypnose.fr\/index.php\/me-contacter\/","title":{"rendered":"Me contacter \/ Tarifs"},"content":{"rendered":"<h4 style=\"text-align: justify;\">Contact<\/h4>\n<p style=\"text-align: justify;\">Par t\u00e9l\u00e9phone : 0686778110<\/p>\n<p style=\"text-align: justify;\"><div role=\"form\" class=\"wpcf7\" id=\"wpcf7-f119-o1\" lang=\"fr-FR\" dir=\"ltr\">\n<div class=\"screen-reader-response\"><\/div>\n<form action=\"\/index.php\/wp-json\/wp\/v2\/pages\/90#wpcf7-f119-o1\" method=\"post\" class=\"wpcf7-form\" novalidate=\"novalidate\">\n<div style=\"display: none;\">\n<input type=\"hidden\" name=\"_wpcf7\" value=\"119\" \/>\n<input type=\"hidden\" name=\"_wpcf7_version\" value=\"5.0.2\" \/>\n<input type=\"hidden\" name=\"_wpcf7_locale\" value=\"fr_FR\" \/>\n<input type=\"hidden\" name=\"_wpcf7_unit_tag\" value=\"wpcf7-f119-o1\" \/>\n<input type=\"hidden\" name=\"_wpcf7_container_post\" value=\"0\" \/>\n<\/div>\n<p><label> Votre nom (obligatoire)<br \/>\n    <span class=\"wpcf7-form-control-wrap your-name\"><input type=\"text\" name=\"your-name\" value=\"\" size=\"40\" class=\"wpcf7-form-control wpcf7-text wpcf7-validates-as-required\" aria-required=\"true\" aria-invalid=\"false\" \/><\/span> <\/label><\/p>\n<p><label> Votre e-mail (obligatoire)<br \/>\n    <span class=\"wpcf7-form-control-wrap your-email\"><input type=\"email\" name=\"your-email\" value=\"\" size=\"40\" class=\"wpcf7-form-control wpcf7-text wpcf7-email wpcf7-validates-as-required wpcf7-validates-as-email\" aria-required=\"true\" aria-invalid=\"false\" \/><\/span> <\/label><\/p>\n<p><label> Sujet<br \/>\n    <span class=\"wpcf7-form-control-wrap your-subject\"><input type=\"text\" name=\"your-subject\" value=\"\" size=\"40\" class=\"wpcf7-form-control wpcf7-text\" aria-invalid=\"false\" \/><\/span> <\/label><\/p>\n<p><label> Votre message<br \/>\n    <span class=\"wpcf7-form-control-wrap your-message\"><textarea name=\"your-message\" cols=\"40\" rows=\"10\" class=\"wpcf7-form-control wpcf7-textarea\" aria-invalid=\"false\"><\/textarea><\/span> <\/label><\/p>\n<p><input type=\"submit\" value=\"Envoyer\" class=\"wpcf7-form-control wpcf7-submit\" \/><\/p>\n<div class=\"wpcf7-response-output wpcf7-display-none\"><\/div><\/form><\/div><\/p>\n<h4 style=\"text-align: justify;\">Tarifs<\/h4>\n<p style=\"text-align: justify;\">Consultation sur rendez-vous, uniquement; paiement par ch\u00e8que, esp\u00e8ces ou virement bancaire.<\/p>\n<p style=\"text-align: justify;\">S\u00e9ance d\u2019hypnose : Tarif : 50\u20ac<\/p>\n<p style=\"text-align: justify;\">Arr\u00eat de tabac : 120\u20ac.<\/p>\n<p><span style=\"font-family: verdana, helvetica, sans-serif; font-size: medium;\">Hypnose Transpersonnelle: 180\u20ac<\/span><\/p>\n<p style=\"text-align: justify;\"><strong>Certaines mutuelles remboursent les s\u00e9ances d\u2019hypnose. Renseignez-vous (sur demande je fournis une facture de consultation). <\/strong><\/p>\n","protected":false},"excerpt":{"rendered":"<p>Contact Par t\u00e9l\u00e9phone : 0686778110 Tarifs Consultation sur rendez-vous, uniquement; paiement par ch\u00e8que, esp\u00e8ces ou virement bancaire. S\u00e9ance d\u2019hypnose : Tarif : 50\u20ac Arr\u00eat de tabac : 120\u20ac. Hypnose Transpersonnelle: 180\u20ac Certaines mutuelles remboursent les s\u00e9ances d\u2019hypnose. Renseignez-vous (sur demande je fournis une facture de consultation).<\/p>\n","protected":false},"author":1,"featured_media":0,"parent":0,"menu_order":0,"comment_status":"closed","ping_status":"closed","template":"","meta":[],"_links":{"self":[{"href":"http:\/\/www.acqs-hypnose.fr\/index.php\/wp-json\/wp\/v2\/pages\/90"}],"collection":[{"href":"http:\/\/www.acqs-hypnose.fr\/index.php\/wp-json\/wp\/v2\/pages"}],"about":[{"href":"http:\/\/www.acqs-hypnose.fr\/index.php\/wp-json\/wp\/v2\/types\/page"}],"author":[{"embeddable":true,"href":"http:\/\/www.acqs-hypnose.fr\/index.php\/wp-json\/wp\/v2\/users\/1"}],"replies":[{"embeddable":true,"href":"http:\/\/www.acqs-hypnose.fr\/index.php\/wp-json\/wp\/v2\/comments?post=90"}],"version-history":[{"count":5,"href":"http:\/\/www.acqs-hypnose.fr\/index.php\/wp-json\/wp\/v2\/pages\/90\/revisions"}],"predecessor-version":[{"id":236,"href":"http:\/\/www.acqs-hypnose.fr\/index.php\/wp-json\/wp\/v2\/pages\/90\/revisions\/236"}],"wp:attachment":[{"href":"http:\/\/www.acqs-hypnose.fr\/index.php\/wp-json\/wp\/v2\/media?parent=90"}],"curies":[{"name":"wp","href":"https:\/\/api.w.org\/{rel}","templated":true}]}}